{"id":7,"date":"2022-01-11T22:18:18","date_gmt":"2022-01-11T22:18:18","guid":{"rendered":"https:\/\/panuga.at\/?page_id=7"},"modified":"2022-01-12T09:09:00","modified_gmt":"2022-01-12T09:09:00","slug":"coming-soon","status":"publish","type":"page","link":"https:\/\/panuga.at\/","title":{"rendered":"Coming Soon"},"content":{"rendered":"<div id=\"sp-page\" class=\"spBgcover sp-content-1\" style=\"background-color: rgb(255, 255, 255); background-image: url('https:\/\/panuga.at\/wp-content\/uploads\/2022\/01\/hands_shaking_web.png'); font-family: 'Helvetica Neue', Arial, sans-serif; font-weight: 400;\">\n<section id=\"sp-ks8a8s\" class=\"sp-el-section  spBgcover\" style=\"width: 100%; max-width: 100%; padding: 10px;\">\n<div id=\"sp-vw3kvy\" class=\"sp-el-row sm:sp-flex sp-justify-between sp-w-full  sp-m-auto\" style=\"padding: 0px; width: auto; max-width: 1000px;\">\n<div id=\"sp-ko0wbk\" class=\"sp-el-col sp-p-4  sp-w-full\" style=\"width: calc(100% + 0px); padding: 10px;\">\n<figure id=\"sp-tb0dex\" class=\"sp-image-wrapper\" style=\"margin-top: 0px; padding: 10px; text-align: center;\"><span><img decoding=\"async\" src=\"https:\/\/panuga.at\/wp-content\/uploads\/2022\/01\/logo_v1_2022.png\" alt=\"\" data-mobile-visibility=\".sp-image-block-tb0dex|false\" data-desktop-visibility=\".sp-image-block-tb0dex|false\" srcset=\" https:\/\/panuga.at\/wp-content\/uploads\/2022\/01\/logo_v1_2022-150x150.png 150w, https:\/\/panuga.at\/wp-content\/uploads\/2022\/01\/logo_v1_2022-300x76.png 300w, https:\/\/panuga.at\/wp-content\/uploads\/2022\/01\/logo_v1_2022-1024x258.png 750w, https:\/\/panuga.at\/wp-content\/uploads\/2022\/01\/logo_v1_2022.png 3798w\" class=\"sp-image-block-tb0dex\" style=\"width: 50%; height: 50%;\"><\/span><\/figure>\n<\/div>\n<\/div>\n<\/section>\n<section id=\"sp-o5l0hy\" class=\"sp-el-section \" style=\"width: 100%; max-width: 100%; padding: 10px;\">\n<div id=\"sp-syijd6\" class=\"sp-el-row sm:sp-flex sp-justify-between sp-w-full  sp-m-auto\" style=\"padding: 0px; width: auto; max-width: 1000px;\">\n<div id=\"sp-g6kuci\" class=\"sp-el-col sp-p-4  sp-w-full\" style=\"width: calc(100% + 0px); padding: 10px;\">\n<h1 id=\"sp-id7g37\" data-mobile-css=\"\" data-mobile-visibility=\".sp-headline-block-id7g37|false\" data-desktop-visibility=\".sp-headline-block-id7g37|false\" class=\"sp-css-target sp-headline-block-id7g37\" style=\"text-align: center; padding: 10px; margin-top: 0px;\">Willkommen bei der Palo Alto Networks User Group Austria<\/h1>\n<\/div>\n<\/div>\n<div id=\"sp-jf1dwo\" class=\"sp-el-row sm:sp-flex sp-justify-between sp-w-full  sp-m-auto\" style=\"padding: 0px; width: auto; max-width: 1000px; background-color: rgba(255, 255, 255, 0.5); box-shadow: rgba(0, 0, 0, 0.1) 0px 1px 3px 0px, rgba(0, 0, 0, 0.6) 0px 1px 2px 0px;\">\n<div id=\"sp-zqoerh\" class=\"sp-el-col sp-p-4  sp-w-full\" style=\"width: calc(33.33333333333333% + 0px); padding: 10px;\">\n<div id=\"sp-a5x96j\" data-mobile-css=\"\" data-mobile-visibility=\".sp-text-wrapper-a5x96j|false\" data-desktop-visibility=\".sp-text-wrapper-a5x96j|false\" class=\"sp-css-target sp-text-wrapper sp-text-wrapper-a5x96j\" style=\"padding: 10px; margin-top: 0px; text-align: left;\">\n<p>Der Verein f\u00f6rtert den Informations- und Erfahrungsaustausch \u00fcber den Einsatz von Palo Alto Networks Produkten.<\/p>\n<\/div>\n<\/div>\n<div id=\"sp-v4wd5h\" class=\"sp-el-col sp-p-4  sp-w-full\" style=\"width: calc(33.33333333333333% + 0px); padding: 10px;\">\n<div id=\"sp-l1y0u8\" data-mobile-css=\"\" data-mobile-visibility=\".sp-text-wrapper-l1y0u8|false\" data-desktop-visibility=\".sp-text-wrapper-l1y0u8|false\" class=\"sp-css-target sp-text-wrapper sp-text-wrapper-l1y0u8\" style=\"padding: 10px; margin-top: 0px; text-align: left;\">\n<p>Unsere Ziele:<\/p>\n<\/div>\n<div id=\"sp-u0120o\" data-mobile-css=\"\" data-mobile-visibility=\".sp-bulletlist-block-u0120o|false\" data-desktop-visibility=\".sp-bulletlist-block-u0120o|false\" class=\"sp-flex sp-css-target sp-bulletlist-block-template-0 sp-justify-start sp-bulletlist-block-u0120o\" style=\"padding: 10px; margin-top: 0px;\">\n<ul class=\"sp-bulletlist-wrapper\">\n<li class=\"sp-flex sp-items-center sp-justify-start\" style=\"padding: 0px 0px 10px;\"><span class=\"sp-icon-wrapper sp-mr-4\"><i class=\"fa-fw fa-lg fas fa-chevron-right\" style=\"width: 32px; line-height: 32px;\"><\/i><\/span><span>Vortr\u00e4ge zu aktuellen Themen<\/span><\/li>\n<li class=\"sp-flex sp-items-center sp-justify-start\" style=\"padding: 0px 0px 10px;\"><span class=\"sp-icon-wrapper sp-mr-4\"><i class=\"fa-fw fa-lg fas fa-chevron-right\" style=\"width: 32px; line-height: 32px;\"><\/i><\/span><span>neue Produkte rund um Palo Alto Networks<\/span><\/li>\n<li class=\"sp-flex sp-items-center sp-justify-start\"><span class=\"sp-icon-wrapper sp-mr-4\"><i class=\"fa-fw fa-lg fas fa-chevron-right\" style=\"width: 32px; line-height: 32px;\"><\/i><\/span><span>Kontakte zu anderen Anwendern kn\u00fcpfen<\/span><\/li>\n<\/ul>\n<\/div>\n<\/div>\n<div id=\"sp-iofbs8\" class=\"sp-el-col sp-p-4  sp-w-full\" style=\"width: calc(33.33333333333333% + 0px); padding: 10px;\">\n<div id=\"sp-hae25w\" data-mobile-css=\"\" data-mobile-visibility=\".sp-text-wrapper-hae25w|false\" data-desktop-visibility=\".sp-text-wrapper-hae25w|false\" class=\"sp-css-target sp-text-wrapper sp-text-wrapper-hae25w\" style=\"padding: 10px; margin-top: 0px; text-align: left;\">\n<p>Unsere Kan\u00e4le:<\/p>\n<\/div>\n<div id=\"sp-i9x5f2\" data-mobile-css=\"\" data-mobile-visibility=\".sp-bulletlist-block-i9x5f2|false\" data-desktop-visibility=\".sp-bulletlist-block-i9x5f2|false\" class=\"sp-flex sp-css-target sp-bulletlist-block-template-0 sp-justify-start sp-bulletlist-block-i9x5f2\" style=\"padding: 10px; margin-top: 0px;\">\n<ul class=\"sp-bulletlist-wrapper\">\n<li class=\"sp-flex sp-items-center sp-justify-start\" style=\"padding: 0px 0px 10px;\"><span class=\"sp-icon-wrapper sp-mr-4\"><i class=\"fa-fw fa-lg fab fa-linkedin\" style=\"width: 32px; line-height: 32px;\"><\/i><\/span><span><a href=\"https:\/\/www.linkedin.com\/groups\/12612457\/\">Linkedin<\/a><\/span><\/li>\n<li class=\"sp-flex sp-items-center sp-justify-start\"><span class=\"sp-icon-wrapper sp-mr-4\"><i class=\"fa-fw fa-lg fab fa-youtube\" style=\"width: 32px; line-height: 32px;\"><\/i><\/span><span><a href=\"https:\/\/www.youtube.com\/channel\/UCOtfnnHwaybc6MMfF-gd2oQ\">Youtube<\/a><\/span><\/li>\n<\/ul>\n<\/div>\n<\/div>\n<\/div>\n<div id=\"sp-ccazji\" class=\"sp-el-row sm:sp-flex sp-justify-between sp-w-full  sp-m-auto\" style=\"padding: 0px; width: auto; max-width: 1000px;\">\n<div id=\"sp-fe8rwv\" class=\"sp-el-col sp-p-4  sp-w-full\" style=\"width: calc(100% + 0px); padding: 10px;\">\n<div id=\"sp-m994m7\" data-mobile-visibility=\".sp-divider-block-m994m7|false\" data-desktop-visibility=\".sp-divider-block-m994m7|false\" class=\"sp-divider-wrapper sp-flex sp-divider-block-m994m7\" style=\"margin-top: 0px; justify-content: center; padding: 10px 0px;\">\n<div class=\"sp-divider sp-flex\" style=\"width: 90%; border-top-width: 1px; border-top-style: solid; border-top-color: rgb(255, 255, 255);\"><\/div>\n<\/div>\n<\/div>\n<\/div>\n<div id=\"sp-r9qthx\" class=\"sp-el-row sm:sp-flex sp-justify-between sp-w-full  sp-m-auto\" style=\"padding: 0px; width: auto; max-width: 1000px; box-shadow: rgba(0, 0, 0, 0.1) 0px 1px 3px 0px, rgba(0, 0, 0, 0.6) 0px 1px 2px 0px;\">\n<div id=\"sp-tmz3ga\" class=\"sp-el-col sp-p-4  sp-w-full\" style=\"background-color: rgb(255, 255, 255); width: calc(100% + 0px); padding: 10px;\">\n<div id=\"sp-urj5md\" data-mobile-css=\"\" data-mobile-visibility=\".sp-form-block-urj5md|false\" data-desktop-visibility=\".sp-form-block-urj5md|false\" class=\"sp-form-wrapper sp-has-form sp-form-block-urj5md\" style=\"padding: 10px; margin-top: 0px; text-align: left;\">\n<div>\n<div class=\"\"><div class=\"wpforms-container wpforms-container-full\" id=\"wpforms-12\"><form id=\"wpforms-form-12\" class=\"wpforms-validate wpforms-form wpforms-ajax-form\" data-formid=\"12\" method=\"post\" enctype=\"multipart\/form-data\" action=\"\/index.php?rest_route=%2Fwp%2Fv2%2Fpages%2F7\" data-token=\"5b4dd9e830db15f373f1c23a3e3ff8f4\"><noscript class=\"wpforms-error-noscript\">Please enable JavaScript in your browser to complete this form.<\/noscript><div class=\"wpforms-field-container\"><div id=\"wpforms-12-field_1-container\" class=\"wpforms-field wpforms-field-name\" data-field-id=\"1\"><label class=\"wpforms-field-label\" for=\"wpforms-12-field_1\">Wir schicken dir Infos, wenn es los geht: <span class=\"wpforms-required-label\">*<\/span><\/label><div class=\"wpforms-field-row wpforms-field-medium\"><div class=\"wpforms-field-row-block wpforms-first wpforms-one-half\"><input type=\"text\" id=\"wpforms-12-field_1\" class=\"wpforms-field-name-first wpforms-field-required\" name=\"wpforms[fields][1][first]\" placeholder=\"Vorname\" required><label for=\"wpforms-12-field_1\" class=\"wpforms-field-sublabel after wpforms-sublabel-hide\">First<\/label><\/div><div class=\"wpforms-field-row-block wpforms-one-half\"><input type=\"text\" id=\"wpforms-12-field_1-last\" class=\"wpforms-field-name-last wpforms-field-required\" name=\"wpforms[fields][1][last]\" placeholder=\"Nachname\" required><label for=\"wpforms-12-field_1-last\" class=\"wpforms-field-sublabel after wpforms-sublabel-hide\">Last<\/label><\/div><\/div><\/div><div id=\"wpforms-12-field_2-container\" class=\"wpforms-field wpforms-field-email\" data-field-id=\"2\"><label class=\"wpforms-field-label\" for=\"wpforms-12-field_2\">E-Mail <span class=\"wpforms-required-label\">*<\/span><\/label><input type=\"email\" id=\"wpforms-12-field_2\" class=\"wpforms-field-medium wpforms-field-required\" name=\"wpforms[fields][2]\" required><\/div><\/div><div class=\"wpforms-submit-container\"><input type=\"hidden\" name=\"wpforms[id]\" value=\"12\"><input type=\"hidden\" name=\"wpforms[author]\" value=\"1\"><button type=\"submit\" name=\"wpforms[submit]\" id=\"wpforms-submit-12\" class=\"wpforms-submit\" data-alt-text=\"Senden...\" data-submit-text=\"Absenden\" aria-live=\"assertive\" value=\"wpforms-submit\">Absenden<\/button><img loading=\"lazy\" decoding=\"async\" src=\"https:\/\/panuga.at\/wp-content\/plugins\/wpforms-lite\/assets\/images\/submit-spin.svg\" class=\"wpforms-submit-spinner\" style=\"display: none;\" width=\"26\" height=\"26\" alt=\"\"><\/div><\/form><\/div>  <!-- .wpforms-container --><\/div>\n<\/div>\n<\/div>\n<\/div>\n<\/div>\n<\/section>\n<section id=\"sp-mbw2i4\" class=\"sp-el-section \" style=\"background-color: rgba(0, 0, 0, 0.58); width: 100%; max-width: 100%; padding: 10px;\">\n<div id=\"sp-imw8vi\" class=\"sp-el-row sm:sp-flex sp-justify-between sp-w-full  sp-m-auto\" style=\"padding: 0px; width: auto; max-width: 1000px;\">\n<div id=\"sp-noywuk\" class=\"sp-el-col sp-p-4  sp-w-full\" style=\"width: calc(100% + 0px); padding: 10px;\">\n<div id=\"sp-yb9vv6\" data-mobile-css=\"\" data-mobile-visibility=\".sp-text-wrapper-yb9vv6|false\" data-desktop-visibility=\".sp-text-wrapper-yb9vv6|false\" class=\"sp-css-target sp-text-wrapper sp-text-wrapper-yb9vv6\" style=\"padding: 10px; margin-top: 0px; text-align: center;\">\n<p>Copyright \u00a9 2022 panuga.at &#8211; Alle Rechte vorbehalten &#8211; <a href=\"..\/?page_id=17\">Impressum<\/a><\/p>\n<\/div>\n<\/div>\n<\/div>\n<\/section>\n<\/div>\n","protected":false},"excerpt":{"rendered":"<p>Willkommen bei der Palo Alto Networks User Group Austria Der Verein f\u00f6rtert den Informations- und Erfahrungsaustausch \u00fcber den Einsatz von Palo Alto Networks Produkten. Unsere Ziele: Vortr\u00e4ge zu aktuellen Themen neue Produkte rund um Palo Alto Networks Kontakte zu anderen Anwendern kn\u00fcpfen Unsere Kan\u00e4le: Linkedin Youtube Copyright \u00a9 2022 panuga.at &#8211; Alle Rechte vorbehalten &#8211;&hellip; <a class=\"more-link\" href=\"https:\/\/panuga.at\/\">Continue reading <span class=\"screen-reader-text\">Coming Soon<\/span><\/a><\/p>\n","protected":false},"author":1,"featured_media":0,"parent":0,"menu_order":0,"comment_status":"closed","ping_status":"closed","template":"","meta":{"footnotes":""},"class_list":["post-7","page","type-page","status-publish","hentry","entry"],"_links":{"self":[{"href":"https:\/\/panuga.at\/index.php?rest_route=\/wp\/v2\/pages\/7","targetHints":{"allow":["GET"]}}],"collection":[{"href":"https:\/\/panuga.at\/index.php?rest_route=\/wp\/v2\/pages"}],"about":[{"href":"https:\/\/panuga.at\/index.php?rest_route=\/wp\/v2\/types\/page"}],"author":[{"embeddable":true,"href":"https:\/\/panuga.at\/index.php?rest_route=\/wp\/v2\/users\/1"}],"replies":[{"embeddable":true,"href":"https:\/\/panuga.at\/index.php?rest_route=%2Fwp%2Fv2%2Fcomments&post=7"}],"version-history":[{"count":9,"href":"https:\/\/panuga.at\/index.php?rest_route=\/wp\/v2\/pages\/7\/revisions"}],"predecessor-version":[{"id":32,"href":"https:\/\/panuga.at\/index.php?rest_route=\/wp\/v2\/pages\/7\/revisions\/32"}],"wp:attachment":[{"href":"https:\/\/panuga.at\/index.php?rest_route=%2Fwp%2Fv2%2Fmedia&parent=7"}],"curies":[{"name":"wp","href":"https:\/\/api.w.org\/{rel}","templated":true}]}}